{"id":73,"date":"2025-09-16T22:30:51","date_gmt":"2025-09-16T22:30:51","guid":{"rendered":"https:\/\/livskvalitet.dk\/?page_id=73"},"modified":"2025-09-18T17:23:51","modified_gmt":"2025-09-18T17:23:51","slug":"priser-og-forloeb","status":"publish","type":"page","link":"https:\/\/livskvalitet.dk\/index.php\/priser-og-forloeb\/","title":{"rendered":"Priser og forl\u00f8b"},"content":{"rendered":"\n<h3 class=\"wp-block-heading\"><strong>Mine Ydelser: Find vejen til mere energi og overskud<\/strong><\/h3>\n\n\n\n<p>Jeg tilbyder personlig livscoaching, der er skr\u00e6ddersyet til dig, der \u00f8nsker at genfinde din energi og skabe et liv med mere overskud. V\u00e6lg det forl\u00f8b, der passer bedst til dine behov.<\/p>\n\n\n\n<hr class=\"wp-block-separator has-alpha-channel-opacity\"\/>\n\n\n\n<h4 class=\"wp-block-heading\"><strong>Gratis Afklarings samtale (30 min.)<\/strong><\/h4>\n\n\n\n<p>Vi starter altid med en uforpligtende samtale, hvor vi taler om dine udfordringer og dr\u00f8mme. Her finder vi sammen ud af, om jeg er den rette coach for dig, og hvilken vej der giver bedst mening for dig at g\u00e5.<\/p>\n\n\n\n<p><a href=\"mailto:info@livskvalitet.dk\"><strong>Pris: 0 kr.<\/strong>  Kontakt mig<\/a>  <\/p>\n\n\n\n<div class=\"wp-block-buttons is-layout-flex wp-block-buttons-is-layout-flex\">\n<div class=\"wp-block-button\"><a class=\"wp-block-button__link wp-element-button\" href=\"https:\/\/livskvalitet.dk\/index.php\/booking\/\">Book tid<\/a><\/div>\n<\/div>\n\n\n\n<hr class=\"wp-block-separator has-alpha-channel-opacity\"\/>\n\n\n\n<h4 class=\"wp-block-heading\"><strong>Startpakken mod mere energi<\/strong><\/h4>\n\n\n\n<p>Dette forl\u00f8b er til dig, der \u00f8nsker at skabe en varig forandring og bygge en ny, st\u00e6rk base i dit liv.<\/p>\n\n\n\n<p><strong>Forl\u00f8b:<\/strong><\/p>\n\n\n\n<ul class=\"wp-block-list\">\n<li><strong>5 sessioner<\/strong> (\u00e1 45 minutter)<\/li>\n\n\n\n<li>Fordelt over <strong>12 uger<\/strong><\/li>\n<\/ul>\n\n\n\n<p><strong>Fokus:<\/strong> Vi starter, hvor du er. Du bestemmer, hvor fokus skal ligge, og jeg guider dig gennem processen. Jeg vil lytte til dine tanker og sammen finde de lyspunkter, der bygger dig op. Du vil f\u00e5 konkrete redskaber og \u00f8velser, der giver dig en sund fornemmelse af tryghed, og vi bygger din energi op i et tempo, der passer til dig.<\/p>\n\n\n\n<p><a href=\"mailto:info@livskvalitet.dk\" data-type=\"mailto\" data-id=\"mailto:info@livskvalitet.dk\"><strong>Pris: 5.000 kr.<\/strong> Kontakt mig<\/a><\/p>\n\n\n\n<div class=\"wp-block-buttons is-layout-flex wp-block-buttons-is-layout-flex\">\n<div class=\"wp-block-button\"><a class=\"wp-block-button__link wp-element-button\" href=\"https:\/\/livskvalitet.dk\/index.php\/booking\/\">Book tid<\/a><\/div>\n<\/div>\n\n\n\n<hr class=\"wp-block-separator has-alpha-channel-opacity\"\/>\n\n\n\n<h4 class=\"wp-block-heading\"><strong>Enkelt session<\/strong><\/h4>\n\n\n\n<p>Har du et konkret problem, du hurtigt \u00f8nsker at f\u00e5 overblik over? Med en enkelt session f\u00e5r du et mentalt &#8220;boost&#8221;, der giver dig klarhed og ny energi til at tackle din udfordring.<\/p>\n\n\n\n<ul class=\"wp-block-list\">\n<li><strong>1 session<\/strong> (\u00e1 45 minutter)<\/li>\n<\/ul>\n\n\n\n<p><a href=\"Mailto:info@livskvalitet.dk\"><strong>Pris: 1.500 kr.<\/strong> Kontakt mig<\/a><\/p>\n\n\n\n<div class=\"wp-block-buttons is-layout-flex wp-block-buttons-is-layout-flex\">\n<div class=\"wp-block-button\"><a class=\"wp-block-button__link wp-element-button\" href=\"https:\/\/livskvalitet.dk\/index.php\/booking\/\">Book tid<\/a><\/div>\n<\/div>\n\n\n\n<p><a href=\"https:\/\/livskvalitet.dk\/index.php\/brug-for-en-bisidder-faa-tryghed-og-overblik-i-vigtige-moeder\/\" data-type=\"link\" data-id=\"https:\/\/livskvalitet.dk\/index.php\/brug-for-en-bisidder-faa-tryghed-og-overblik-i-vigtige-moeder\/\">Brug for en bisidder?    F\u00e5 tryghed og overblik i vigtige m\u00f8der<\/a><\/p>\n\n\n\n<p><a href=\"https:\/\/livskvalitet.dk\/index.php\/brug-for-en-bisidder-faa-tryghed-og-overblik-i-vigtige-moeder\/\" data-type=\"page\" data-id=\"104\">pris efter aftale.<\/a><\/p>\n\n\n\n<div class=\"wp-block-buttons is-layout-flex wp-block-buttons-is-layout-flex\">\n<div class=\"wp-block-button\"><a class=\"wp-block-button__link wp-element-button\" href=\"https:\/\/livskvalitet.dk\/index.php\/booking\/\">Book tid<\/a><\/div>\n<\/div>\n\n\n\n<p><\/p>\n","protected":false},"excerpt":{"rendered":"<p>Mine Ydelser: Find vejen til mere energi og overskud Jeg tilbyder personlig livscoaching, der er skr\u00e6ddersyet til dig, der \u00f8nsker &hellip; <a href=\"https:\/\/livskvalitet.dk\/index.php\/priser-og-forloeb\/\" class=\"more-link\">Continue reading <span class=\"screen-reader-text\">Priser og forl\u00f8b<\/span><\/a><\/p>\n","protected":false},"author":1,"featured_media":0,"parent":0,"menu_order":0,"comment_status":"closed","ping_status":"closed","template":"","meta":{"footnotes":""},"class_list":["post-73","page","type-page","status-publish","hentry"],"_links":{"self":[{"href":"https:\/\/livskvalitet.dk\/index.php\/wp-json\/wp\/v2\/pages\/73","targetHints":{"allow":["GET"]}}],"collection":[{"href":"https:\/\/livskvalitet.dk\/index.php\/wp-json\/wp\/v2\/pages"}],"about":[{"href":"https:\/\/livskvalitet.dk\/index.php\/wp-json\/wp\/v2\/types\/page"}],"author":[{"embeddable":true,"href":"https:\/\/livskvalitet.dk\/index.php\/wp-json\/wp\/v2\/users\/1"}],"replies":[{"embeddable":true,"href":"https:\/\/livskvalitet.dk\/index.php\/wp-json\/wp\/v2\/comments?post=73"}],"version-history":[{"count":12,"href":"https:\/\/livskvalitet.dk\/index.php\/wp-json\/wp\/v2\/pages\/73\/revisions"}],"predecessor-version":[{"id":138,"href":"https:\/\/livskvalitet.dk\/index.php\/wp-json\/wp\/v2\/pages\/73\/revisions\/138"}],"wp:attachment":[{"href":"https:\/\/livskvalitet.dk\/index.php\/wp-json\/wp\/v2\/media?parent=73"}],"curies":[{"name":"wp","href":"https:\/\/api.w.org\/{rel}","templated":true}]}}