{"id":69,"date":"2025-09-16T22:20:49","date_gmt":"2025-09-16T22:20:49","guid":{"rendered":"https:\/\/livskvalitet.dk\/?page_id=69"},"modified":"2025-09-16T22:20:50","modified_gmt":"2025-09-16T22:20:50","slug":"min-historie-fra-udfordringer-til-livsglaede","status":"publish","type":"page","link":"https:\/\/livskvalitet.dk\/index.php\/min-historie-fra-udfordringer-til-livsglaede\/","title":{"rendered":"Min historie: Fra udfordringer til livsgl\u00e6de"},"content":{"rendered":"\n<p>Kender du f\u00f8lelsen af at v\u00e6re dr\u00e6net, uoplagt og have sv\u00e6rt ved at finde lyspunkter i hverdagen? M\u00e5ske er du midt i en stor forandring som sygdom, sorg eller en flytning, og det hele f\u00f8les uoverskueligt. Jeg forst\u00e5r det. Jeg har selv oplevet livet fra mange vinkler, b\u00e5de som far til tre voksne b\u00f8rn, der har m\u00f8dt udfordringer, og som en person, der selv blev sat i k\u00f8restol i en alder af 56 \u00e5r.<\/p>\n\n\n\n<p>Gennem min barndom p\u00e5 b\u00f8rnehjem, min tid i Beredskabsstyrelsen, mit arbejde for EU med at udvikle nye lande og mit frivillige engagement i frivillige organisationer har jeg l\u00e6rt en vigtig ting: N\u00e6stek\u00e6rlighed og et \u00e5bent sind er grundlaget for alt. Jeg har en dyb filosofi om, at man skal snakke med mennesker og selv danne sig en mening, i stedet for at d\u00f8mme dem ud fra fordomme.<\/p>\n\n\n\n<hr class=\"wp-block-separator has-alpha-channel-opacity\"\/>\n\n\n\n<h3 class=\"wp-block-heading\"><strong>Min coachingfilosofi: Find lyset indefra<\/strong><\/h3>\n\n\n\n<p>Jeg er god til at se lyset, og min passion er at hj\u00e6lpe dig med at se det ogs\u00e5. I vores samtaler skaber vi et rum, hvor du kan lufte dine tanker og f\u00f8lelser. Mit l\u00f8fte til dig er, at vi sammen vil finde de lyspunkter, der altid findes, selv p\u00e5 de m\u00f8rkeste dage. Det er en \u00f8velse i at fokusere p\u00e5 de sm\u00e5 ting, der giver gl\u00e6de, is\u00e6r n\u00e5r du er under pres.<\/p>\n\n\n\n<p>Jeg hj\u00e6lper dig med at give slip p\u00e5 de ting, du ikke kan \u00e6ndre, og i stedet rette fokus mod det, du kan p\u00e5virke. Min egen rejse har l\u00e6rt mig, at selv n\u00e5r livet s\u00e6tter en p\u00e5 pause, kan man finde en ny vej fremad. Det kan du ogs\u00e5.<\/p>\n\n\n\n<p>Er du klar til at finde vejen til mere energi og overskud?<\/p>\n","protected":false},"excerpt":{"rendered":"<p>Kender du f\u00f8lelsen af at v\u00e6re dr\u00e6net, uoplagt og have sv\u00e6rt ved at finde lyspunkter i hverdagen? M\u00e5ske er du &hellip; <a href=\"https:\/\/livskvalitet.dk\/index.php\/min-historie-fra-udfordringer-til-livsglaede\/\" class=\"more-link\">Continue reading <span class=\"screen-reader-text\">Min historie: Fra udfordringer til livsgl\u00e6de<\/span><\/a><\/p>\n","protected":false},"author":1,"featured_media":0,"parent":0,"menu_order":0,"comment_status":"closed","ping_status":"closed","template":"","meta":{"footnotes":""},"class_list":["post-69","page","type-page","status-publish","hentry"],"_links":{"self":[{"href":"https:\/\/livskvalitet.dk\/index.php\/wp-json\/wp\/v2\/pages\/69","targetHints":{"allow":["GET"]}}],"collection":[{"href":"https:\/\/livskvalitet.dk\/index.php\/wp-json\/wp\/v2\/pages"}],"about":[{"href":"https:\/\/livskvalitet.dk\/index.php\/wp-json\/wp\/v2\/types\/page"}],"author":[{"embeddable":true,"href":"https:\/\/livskvalitet.dk\/index.php\/wp-json\/wp\/v2\/users\/1"}],"replies":[{"embeddable":true,"href":"https:\/\/livskvalitet.dk\/index.php\/wp-json\/wp\/v2\/comments?post=69"}],"version-history":[{"count":1,"href":"https:\/\/livskvalitet.dk\/index.php\/wp-json\/wp\/v2\/pages\/69\/revisions"}],"predecessor-version":[{"id":70,"href":"https:\/\/livskvalitet.dk\/index.php\/wp-json\/wp\/v2\/pages\/69\/revisions\/70"}],"wp:attachment":[{"href":"https:\/\/livskvalitet.dk\/index.php\/wp-json\/wp\/v2\/media?parent=69"}],"curies":[{"name":"wp","href":"https:\/\/api.w.org\/{rel}","templated":true}]}}