{"id":61,"date":"2025-09-16T21:19:01","date_gmt":"2025-09-16T21:19:01","guid":{"rendered":"https:\/\/livskvalitet.dk\/?page_id=61"},"modified":"2025-09-16T21:19:01","modified_gmt":"2025-09-16T21:19:01","slug":"find-vejen-tilbage-til-dig-selv","status":"publish","type":"page","link":"https:\/\/livskvalitet.dk\/index.php\/find-vejen-tilbage-til-dig-selv\/","title":{"rendered":"Find vejen tilbage til dig selv"},"content":{"rendered":"\n<h3 class=\"wp-block-heading\"><strong>Find vejen tilbage til dig selv \u2013 med personlig livscoaching<\/strong><\/h3>\n\n\n\n<p>St\u00e5r du ved en skillevej i dit liv? F\u00f8ler du, at du er k\u00f8rt fast, eller mangler du klarhed over, hvor du skal hen?<\/p>\n\n\n\n<p>Jeg tilbyder personlig livscoaching, der er skr\u00e6ddersyet til at hj\u00e6lpe dig med at <strong>finde din retning<\/strong> og <strong>skabe den forandring<\/strong>, du dr\u00f8mmer om.<\/p>\n\n\n\n<p>I et trygt og fortroligt rum arbejder vi sammen om at:<\/p>\n\n\n\n<ul class=\"wp-block-list\">\n<li><strong>Identificere dine m\u00e5l:<\/strong> Vi starter med at afklare dine dybeste \u00f8nsker og de udfordringer, der holder dig tilbage.<\/li>\n\n\n\n<li><strong>Skabe en plan:<\/strong> Vi overs\u00e6tter dine dr\u00f8mme til konkrete, realistiske handlinger.<\/li>\n\n\n\n<li><strong>Bryde med gamle m\u00f8nstre:<\/strong> Jeg giver dig v\u00e6rkt\u00f8jer og strategier til at overvinde begr\u00e6nsende overbevisninger og opbygge en st\u00e6rkere selvtillid.<\/li>\n\n\n\n<li><strong>At definere dine dr\u00f8mme:<\/strong> Vi starter med at udforske dine sande ambitioner, hvad enten de er karriererelaterede, personlige eller knyttet til din fysiske form.<\/li>\n\n\n\n<li><strong>At skabe handling:<\/strong> Vi oms\u00e6tter dine dr\u00f8mme til en konkret handlingsplan. Jeg st\u00f8tter dig i at tage de f\u00f8rste skridt og holder dig ansvarlig for din proces.<\/li>\n\n\n\n<li><strong>At bygge en st\u00e6rk krop og et st\u00e6rkt sind:<\/strong> Vi arbejder med de indre barrierer, der holder dig tilbage. Du vil l\u00e6re at opbygge et st\u00e6rkere mindset, der hj\u00e6lper dig med at skabe vedvarende forandring \u2013 b\u00e5de mentalt og fysisk.<\/li>\n\n\n\n<li><strong>Finde din retning:<\/strong> Vi dykker ned i dine sande ambitioner og de udfordringer, der holder dig tilbage.<\/li>\n\n\n\n<li><strong>Komme i dit livs form:<\/strong> Vi oms\u00e6tter dine dr\u00f8mme til en konkret handlingsplan. Jeg st\u00f8tter dig i at tage de f\u00f8rste skridt og holder dig ansvarlig for din proces \u2013 uanset om dit m\u00e5l er at komme i bedre fysisk form eller at forf\u00f8lge en dr\u00f8m.<\/li>\n\n\n\n<li><strong>Bryde med begr\u00e6nsninger:<\/strong> Vi arbejder med de indre barrierer, der forhindrer dig i at n\u00e5 dit fulde potentiale. Du vil l\u00e6re at opbygge et st\u00e6rkere mindset, der hj\u00e6lper dig med at skabe vedvarende forandring \u2013 b\u00e5de mentalt og fysisk.<\/li>\n<\/ul>\n\n\n\n<p>Mit fokus er p\u00e5 dig og din unikke situation. Uanset om dit m\u00e5l er at finde en bedre balance mellem arbejde og privatliv, at forf\u00f8lge en ny karriere eller at genfinde din indre ro, er jeg her for at st\u00f8tte dig.<\/p>\n\n\n\n<p>Det er din rejse \u2013 men du beh\u00f8ver ikke tage den alene.<\/p>\n\n\n\n<p>Er du klar til at tage det f\u00f8rste skridt mod et liv, der f\u00f8les mere meningsfuldt og fyldt med gl\u00e6de?<\/p>\n","protected":false},"excerpt":{"rendered":"<p>Find vejen tilbage til dig selv \u2013 med personlig livscoaching St\u00e5r du ved en skillevej i dit liv? F\u00f8ler du, &hellip; <a href=\"https:\/\/livskvalitet.dk\/index.php\/find-vejen-tilbage-til-dig-selv\/\" class=\"more-link\">Continue reading <span class=\"screen-reader-text\">Find vejen tilbage til dig selv<\/span><\/a><\/p>\n","protected":false},"author":1,"featured_media":62,"parent":0,"menu_order":0,"comment_status":"closed","ping_status":"closed","template":"","meta":{"footnotes":""},"class_list":["post-61","page","type-page","status-publish","has-post-thumbnail","hentry"],"_links":{"self":[{"href":"https:\/\/livskvalitet.dk\/index.php\/wp-json\/wp\/v2\/pages\/61","targetHints":{"allow":["GET"]}}],"collection":[{"href":"https:\/\/livskvalitet.dk\/index.php\/wp-json\/wp\/v2\/pages"}],"about":[{"href":"https:\/\/livskvalitet.dk\/index.php\/wp-json\/wp\/v2\/types\/page"}],"author":[{"embeddable":true,"href":"https:\/\/livskvalitet.dk\/index.php\/wp-json\/wp\/v2\/users\/1"}],"replies":[{"embeddable":true,"href":"https:\/\/livskvalitet.dk\/index.php\/wp-json\/wp\/v2\/comments?post=61"}],"version-history":[{"count":1,"href":"https:\/\/livskvalitet.dk\/index.php\/wp-json\/wp\/v2\/pages\/61\/revisions"}],"predecessor-version":[{"id":63,"href":"https:\/\/livskvalitet.dk\/index.php\/wp-json\/wp\/v2\/pages\/61\/revisions\/63"}],"wp:featuredmedia":[{"embeddable":true,"href":"https:\/\/livskvalitet.dk\/index.php\/wp-json\/wp\/v2\/media\/62"}],"wp:attachment":[{"href":"https:\/\/livskvalitet.dk\/index.php\/wp-json\/wp\/v2\/media?parent=61"}],"curies":[{"name":"wp","href":"https:\/\/api.w.org\/{rel}","templated":true}]}}