{"id":56,"date":"2025-09-16T21:05:45","date_gmt":"2025-09-16T21:05:45","guid":{"rendered":"https:\/\/livskvalitet.dk\/?page_id=56"},"modified":"2025-09-16T21:05:45","modified_gmt":"2025-09-16T21:05:45","slug":"goer-noget-for-dig-selv","status":"publish","type":"page","link":"https:\/\/livskvalitet.dk\/index.php\/goer-noget-for-dig-selv\/","title":{"rendered":"G\u00f8r noget for dig selv"},"content":{"rendered":"\n<h3 class=\"wp-block-heading\">Prioriter dig selv \u2013 forandringen starter indefra<\/h3>\n\n\n\n<p>Livet er fuld af pligter, deadlines og forventninger. M\u00e5ske f\u00f8ler du, at du har mistet overblikket og har sv\u00e6rt ved at finde energien til at g\u00f8re det, der g\u00f8r dig glad. Hvad nu, hvis jeg fortalte dig, at du har magten til at \u00e6ndre p\u00e5 det?<\/p>\n\n\n\n<p><strong>Livscoaching er din personlige genvej til at skabe det liv, du dr\u00f8mmer om.<\/strong><\/p>\n\n\n\n<p>Jeg hj\u00e6lper dig med at identificere dine dybeste \u00f8nsker og m\u00e5l, uanset om det handler om at <strong>finde mere balance i hverdagen<\/strong>, <strong>skifte karriere<\/strong> eller <strong>opbygge st\u00e6rkere relationer<\/strong>. Gennem vores sessioner vil vi:<\/p>\n\n\n\n<ul class=\"wp-block-list\">\n<li><strong>Skabe klarhed:<\/strong> Vi tager et skridt tilbage for at se p\u00e5 det store billede. Hvad er dine v\u00e6rdier? Hvad driver dig? Og hvad holder dig tilbage?<\/li>\n\n\n\n<li><strong>Bryde med begr\u00e6nsninger:<\/strong> Vi arbejder med de overbevisninger og m\u00f8nstre, der forhindrer dig i at n\u00e5 dit fulde potentiale. Du vil l\u00e6re at tackle tvivl og frygt med styrke og selvtillid.<\/li>\n\n\n\n<li><strong>L\u00e6gge en handlingsplan:<\/strong> Vi oms\u00e6tter dine dr\u00f8mme til konkrete, realistiske skridt. Jeg st\u00f8tter dig i at tage ejerskab over din proces og holder dig ansvarlig for dine m\u00e5l.<\/li>\n<\/ul>\n\n\n\n<p>Det er p\u00e5 tide at skifte fra at overleve til at leve. G\u00f8r dig selv den tjeneste at investere i din egen lykke og fremtid.<\/p>\n\n\n\n<p>Er du klar til at tage det f\u00f8rste skridt?<\/p>\n","protected":false},"excerpt":{"rendered":"<p>Prioriter dig selv \u2013 forandringen starter indefra Livet er fuld af pligter, deadlines og forventninger. M\u00e5ske f\u00f8ler du, at du &hellip; <a href=\"https:\/\/livskvalitet.dk\/index.php\/goer-noget-for-dig-selv\/\" class=\"more-link\">Continue reading <span class=\"screen-reader-text\">G\u00f8r noget for dig selv<\/span><\/a><\/p>\n","protected":false},"author":1,"featured_media":57,"parent":0,"menu_order":0,"comment_status":"closed","ping_status":"closed","template":"","meta":{"footnotes":""},"class_list":["post-56","page","type-page","status-publish","has-post-thumbnail","hentry"],"_links":{"self":[{"href":"https:\/\/livskvalitet.dk\/index.php\/wp-json\/wp\/v2\/pages\/56","targetHints":{"allow":["GET"]}}],"collection":[{"href":"https:\/\/livskvalitet.dk\/index.php\/wp-json\/wp\/v2\/pages"}],"about":[{"href":"https:\/\/livskvalitet.dk\/index.php\/wp-json\/wp\/v2\/types\/page"}],"author":[{"embeddable":true,"href":"https:\/\/livskvalitet.dk\/index.php\/wp-json\/wp\/v2\/users\/1"}],"replies":[{"embeddable":true,"href":"https:\/\/livskvalitet.dk\/index.php\/wp-json\/wp\/v2\/comments?post=56"}],"version-history":[{"count":1,"href":"https:\/\/livskvalitet.dk\/index.php\/wp-json\/wp\/v2\/pages\/56\/revisions"}],"predecessor-version":[{"id":58,"href":"https:\/\/livskvalitet.dk\/index.php\/wp-json\/wp\/v2\/pages\/56\/revisions\/58"}],"wp:featuredmedia":[{"embeddable":true,"href":"https:\/\/livskvalitet.dk\/index.php\/wp-json\/wp\/v2\/media\/57"}],"wp:attachment":[{"href":"https:\/\/livskvalitet.dk\/index.php\/wp-json\/wp\/v2\/media?parent=56"}],"curies":[{"name":"wp","href":"https:\/\/api.w.org\/{rel}","templated":true}]}}