{"id":104,"date":"2025-09-17T09:47:16","date_gmt":"2025-09-17T09:47:16","guid":{"rendered":"https:\/\/livskvalitet.dk\/?page_id=104"},"modified":"2025-09-17T09:47:16","modified_gmt":"2025-09-17T09:47:16","slug":"brug-for-en-bisidder-faa-tryghed-og-overblik-i-vigtige-moeder","status":"publish","type":"page","link":"https:\/\/livskvalitet.dk\/index.php\/brug-for-en-bisidder-faa-tryghed-og-overblik-i-vigtige-moeder\/","title":{"rendered":"Brug for en bisidder? F\u00e5 tryghed og overblik i vigtige m\u00f8der."},"content":{"rendered":"\n<hr class=\"wp-block-separator has-alpha-channel-opacity\"\/>\n\n\n\n<h3 class=\"wp-block-heading\"><strong>Brug for en bisidder? F\u00e5 tryghed og overblik i vigtige m\u00f8der.<\/strong><\/h3>\n\n\n\n<p>At deltage i m\u00f8der med myndigheder, l\u00e6ger eller andre instanser kan ofte f\u00f8les overv\u00e6ldende. Som din bisidder er mit m\u00e5l at sikre, at du f\u00f8ler dig tryg, h\u00f8rt og har det fulde overblik over situationen.<\/p>\n\n\n\n<p><strong>Hvad kan jeg som bisidder hj\u00e6lpe med?<\/strong><\/p>\n\n\n\n<ul class=\"wp-block-list\">\n<li><strong>Forberedelse f\u00f8r m\u00f8det:<\/strong> Vi gennemg\u00e5r dagsordenen, dine sp\u00f8rgsm\u00e5l og dine rettigheder, s\u00e5 du m\u00f8der op velforberedt og med ro i maven.<\/li>\n\n\n\n<li><strong>Under m\u00f8det:<\/strong> Jeg er til stede for at st\u00f8tte dig. Jeg tager noter, stiller opklarende sp\u00f8rgsm\u00e5l og sikrer, at alt foreg\u00e5r i overensstemmelse med dine \u00f8nsker.<\/li>\n\n\n\n<li><strong>Opsamling efter m\u00f8det:<\/strong> Vi samler op p\u00e5 m\u00f8dets indhold og aftaler, og jeg hj\u00e6lper dig med at formulere eventuelt skriftligt opf\u00f8lgende materiale.<\/li>\n<\/ul>\n\n\n\n<p>Min rolle er at v\u00e6re din neutrale partner, der arbejder for dine interesser. Sammen sikrer vi, at din stemme bliver h\u00f8rt, og at du opn\u00e5r det bedst mulige resultat.<\/p>\n\n\n\n<p><a href=\"mailto:info@livskvalitet.dk\">Kontakt mig for en uforpligtende samtale og h\u00f8r, hvordan jeg kan hj\u00e6lpe dig med at f\u00f8le dig st\u00e6rk i enhver situation.<\/a><\/p>\n\n\n\n<p class=\"has-vivid-purple-color has-text-color has-link-color has-medium-font-size wp-elements-73ed226778e509b9db2c6c59db0a5341\"><\/p>\n","protected":false},"excerpt":{"rendered":"<p>Brug for en bisidder? F\u00e5 tryghed og overblik i vigtige m\u00f8der. At deltage i m\u00f8der med myndigheder, l\u00e6ger eller andre &hellip; <a href=\"https:\/\/livskvalitet.dk\/index.php\/brug-for-en-bisidder-faa-tryghed-og-overblik-i-vigtige-moeder\/\" class=\"more-link\">Continue reading <span class=\"screen-reader-text\">Brug for en bisidder? F\u00e5 tryghed og overblik i vigtige m\u00f8der.<\/span><\/a><\/p>\n","protected":false},"author":1,"featured_media":101,"parent":0,"menu_order":0,"comment_status":"closed","ping_status":"closed","template":"","meta":{"footnotes":""},"class_list":["post-104","page","type-page","status-publish","has-post-thumbnail","hentry"],"_links":{"self":[{"href":"https:\/\/livskvalitet.dk\/index.php\/wp-json\/wp\/v2\/pages\/104","targetHints":{"allow":["GET"]}}],"collection":[{"href":"https:\/\/livskvalitet.dk\/index.php\/wp-json\/wp\/v2\/pages"}],"about":[{"href":"https:\/\/livskvalitet.dk\/index.php\/wp-json\/wp\/v2\/types\/page"}],"author":[{"embeddable":true,"href":"https:\/\/livskvalitet.dk\/index.php\/wp-json\/wp\/v2\/users\/1"}],"replies":[{"embeddable":true,"href":"https:\/\/livskvalitet.dk\/index.php\/wp-json\/wp\/v2\/comments?post=104"}],"version-history":[{"count":1,"href":"https:\/\/livskvalitet.dk\/index.php\/wp-json\/wp\/v2\/pages\/104\/revisions"}],"predecessor-version":[{"id":105,"href":"https:\/\/livskvalitet.dk\/index.php\/wp-json\/wp\/v2\/pages\/104\/revisions\/105"}],"wp:featuredmedia":[{"embeddable":true,"href":"https:\/\/livskvalitet.dk\/index.php\/wp-json\/wp\/v2\/media\/101"}],"wp:attachment":[{"href":"https:\/\/livskvalitet.dk\/index.php\/wp-json\/wp\/v2\/media?parent=104"}],"curies":[{"name":"wp","href":"https:\/\/api.w.org\/{rel}","templated":true}]}}